{"id":85,"date":"2011-12-14T03:40:57","date_gmt":"2011-12-14T03:40:57","guid":{"rendered":"http:\/\/www.musikschule-muehldorf.de\/?page_id=85"},"modified":"2023-07-17T10:24:43","modified_gmt":"2023-07-17T08:24:43","slug":"der-schulalltag","status":"publish","type":"page","link":"https:\/\/musikschule-muehldorf.de\/?page_id=85","title":{"rendered":"Jugendorchester ISEJO e.V."},"content":{"rendered":"<p><strong>Inn-Salzach-Euregio-Jugendorchester<\/strong><\/p>\nngg_shortcode_0_placeholder\n<p>Das <strong>Inn-Salzach-Euregio-Jugendorchester<\/strong> (ISEJO) beging Anfang August 2019 seine 22. Projektphase und kann dabei mit einer beachtliche Erfolgsbilanz aufwarten: Die jungen Musiker sind seit 1998 in \u00fcber 120 Konzerten aufgetreten und haben vor mehr als 27.000 Zuh\u00f6rern 21 verschiedene symphonische Konzertprogramme aufgef\u00fchrt.&nbsp;<\/p>\n<p>In den letzten 21 Jahren haben viele der Teilnehmer das ISEJO als Sprungbrett in die Welt der Musik erlebt, sei als Orchestermitglied oder als Solist, viele pers\u00f6nliche Kontakte und Freundschaften sind entstanden und mit den Jahren hat sich eine eigene kulturelle Infrastruktur entwickelt, in welche die Teilnehmer und Organisatoren des Projekts in vielf\u00e4ltiger Weise eingebunden sind.&nbsp;<\/p>\n<p>Die H\u00f6hepunkte der Projektarbeit waren dabei die Berlinfahrt im Jahr 2000, die Er\u00f6ffnung der Fachmesse f\u00fcr Musik in Ried im Jahr 2002, die Verleihung des Aenus-Kulturpreises durch die damalige \u00f6sterreichische Au\u00dfenministerin Frau Dr. Benita Ferrero-Waldner an das ISEJO im Jahr 2003, die musikalische Gestaltung des Festaktes im Kurhaus Freyung anl\u00e4sslich des Beitritts Tschechiens zur Europ\u00e4ischen Union,zwei Orchesterfahrten in die slowenische Hafenstadt Piran mit <em>Open-Air<\/em>-Konzerten auf dem Tartiniplatz im Oktober 2011, 2014 und 2017 und die Verleihung des B\u00fcrgerkulturpreises 2012 des Bayerischen Landtags durch Frau Landtagspr\u00e4sidentin Barbara Stamm.<\/p>\n<p>Dabei ist jede Projektphase f\u00fcr sich als logistischer Kraftakt und finanzieller Balanceakt zu sehen; ohne die Unterst\u00fctzung der St\u00e4dte M\u00fchldorf, Neu\u00f6tting und Burghausen, des Landkreises Pfarrkirchen und der Stadt Ried als Konzertveranstalter, ohne die <em>alte<\/em> Inn-Salzach-Euregio, die Euregio Bayerischer Wald &#8211; B\u00f6hmerwald &#8211; Unterer Inn w\u00e4ren die finanziellen <em>Stromschnellen<\/em> auf Dauer nicht zu \u00fcberwinden gewesen. An dieser Stelle m\u00fcssen auch unsere zahlreichen Sponsoren genannt werden, denen wir in dieser Projektbeschreibung an geeigneter Stelle eine eigene Seite gewidmet haben.<\/p>\n<p>Seit 2007 f\u00f6rdert der Bezirk von Oberbayern unser musikp\u00e4dagogisches Jugendprojekt, unser besonderer Dank gilt hier Frau Petra Berg, den Herren Bezirkstagspr\u00e4sidenten Franz Jungwirth und Josef Mederer und Herrn Bezirksrat Frank Springer. Im Jahr 2015 hat Dr. Martin Huber (MdL) nach dem Tod von Herrn Frank Springer den 1. Vorsitz im Verein ISEJO e.V. \u00fcbernommen.<\/p>\n<p>N\u00e4here Information unter: <a title=\"Das Jugendorchester\" href=\"http:\/\/www.das-jugendorchester.de\" target=\"_blank\" rel=\"noopener\">www.das-jugendorchester.de<\/a><\/p>\n<p>Leider mussten die Projektphasen in 2020, 2021 und 2022 wegen der COVID-19-Pandemie und den damit bestehenden Reise-, Kontakt- und Veranstaltungsbeschr\u00e4nkungen jeweils komplett abgesagt werden. Das f\u00fcr 6. \u2013 13. August 2023 geplante Orchesterseminar mit anschlie\u00dfenden 3 Konzerten in Bayern und 2 Auftritten in Ober\u00f6sterreich musste nun ebenfalls wegen einer zu geringen Zahl an Anmeldungen leider abgesagt werden.<\/p>\n<p>Die mehrj\u00e4hrige Zwangspause durch die Pandemie hat den Grundstock des Jugendorchesters derart dezimiert, dass dieser auch durch Neuzug\u00e4nge nicht mehr wettgemacht werden konnte. Ob diese grenz\u00fcberschreitende Talenteschmiede ISEJO (aus dessen Reihen zahlreiche, ehemalige Musiker*innen nun in deutschen und \u00f6sterreichischen Spitzenorchestern besch\u00e4ftigt sind) im n\u00e4chsten Jahr einen Neustart planen wird, muss nun der Orchestervorstand entscheiden.<\/p>\n","protected":false},"excerpt":{"rendered":"<p>Inn-Salzach-Euregio-Jugendorchester Das Inn-Salzach-Euregio-Jugendorchester (ISEJO) beging Anfang August 2019 seine 22. Projektphase und kann dabei mit einer beachtliche Erfolgsbilanz aufwarten: Die jungen Musiker sind seit 1998 in \u00fcber 120 Konzerten aufgetreten und haben vor mehr als 27.000 Zuh\u00f6rern 21 verschiedene symphonische Konzertprogramme aufgef\u00fchrt.&nbsp; In den letzten 21 Jahren haben viele der Teilnehmer das ISEJO als Sprungbrett in die Welt der Musik erlebt, sei als Orchestermitglied oder als Solist, viele pers\u00f6nliche Kontakte und Freundschaften sind entstanden und mit den Jahren hat sich eine eigene kulturelle Infrastruktur entwickelt, in welche die Teilnehmer und Organisatoren des Projekts in vielf\u00e4ltiger Weise eingebunden sind.&nbsp; Die H\u00f6hepunkte der Projektarbeit waren dabei die Berlinfahrt im Jahr 2000, die Er\u00f6ffnung der Fachmesse f\u00fcr Musik in Ried im Jahr 2002, die Verleihung des Aenus-Kulturpreises durch die damalige \u00f6sterreichische Au\u00dfenministerin Frau Dr. Benita Ferrero-Waldner an das ISEJO im Jahr 2003, die musikalische Gestaltung des Festaktes im Kurhaus Freyung anl\u00e4sslich des Beitritts Tschechiens zur Europ\u00e4ischen Union,zwei Orchesterfahrten in die slowenische Hafenstadt Piran mit Open-Air-Konzerten auf dem Tartiniplatz im Oktober 2011, 2014 und 2017 und die Verleihung des B\u00fcrgerkulturpreises 2012 des Bayerischen Landtags durch Frau Landtagspr\u00e4sidentin Barbara Stamm. Dabei ist jede Projektphase f\u00fcr sich als logistischer Kraftakt und finanzieller Balanceakt zu sehen; ohne die Unterst\u00fctzung der St\u00e4dte M\u00fchldorf, Neu\u00f6tting und Burghausen, des Landkreises Pfarrkirchen und der Stadt Ried als Konzertveranstalter, ohne die alte Inn-Salzach-Euregio, die Euregio Bayerischer Wald &#8211; B\u00f6hmerwald &#8211; Unterer Inn w\u00e4ren die finanziellen Stromschnellen auf Dauer nicht zu \u00fcberwinden gewesen. An dieser Stelle m\u00fcssen auch unsere zahlreichen Sponsoren genannt werden, denen wir in dieser Projektbeschreibung an geeigneter Stelle eine eigene Seite gewidmet haben. Seit 2007 f\u00f6rdert der Bezirk von Oberbayern unser musikp\u00e4dagogisches Jugendprojekt, unser besonderer Dank gilt hier Frau Petra Berg, den Herren Bezirkstagspr\u00e4sidenten Franz Jungwirth und Josef Mederer und Herrn Bezirksrat Frank Springer. Im Jahr 2015 hat Dr. Martin Huber (MdL) nach dem Tod von Herrn Frank Springer den 1. Vorsitz im Verein ISEJO e.V. \u00fcbernommen. N\u00e4here Information unter: www.das-jugendorchester.de Leider mussten die Projektphasen in 2020, 2021 und 2022 wegen der COVID-19-Pandemie und den damit bestehenden Reise-, Kontakt- und Veranstaltungsbeschr\u00e4nkungen jeweils komplett abgesagt werden. Das f\u00fcr 6. \u2013 13. August 2023 geplante Orchesterseminar mit anschlie\u00dfenden 3 Konzerten in Bayern und 2 Auftritten in Ober\u00f6sterreich musste nun ebenfalls wegen einer zu geringen Zahl an Anmeldungen leider abgesagt werden. Die mehrj\u00e4hrige Zwangspause durch die Pandemie hat den Grundstock des Jugendorchesters derart dezimiert, dass dieser auch durch Neuzug\u00e4nge nicht mehr wettgemacht werden konnte. Ob diese grenz\u00fcberschreitende Talenteschmiede ISEJO (aus dessen Reihen zahlreiche, ehemalige Musiker*innen nun in deutschen und \u00f6sterreichischen Spitzenorchestern besch\u00e4ftigt sind) im n\u00e4chsten Jahr einen Neustart planen wird, muss nun der Orchestervorstand entscheiden.<\/p>\n","protected":false},"author":11,"featured_media":1396,"parent":0,"menu_order":1,"comment_status":"closed","ping_status":"closed","template":"","meta":{"ngg_post_thumbnail":0,"_price":"","_stock":"","_tribe_ticket_header":"","_tribe_default_ticket_provider":"","_ticket_start_date":"","_ticket_end_date":"","_tribe_ticket_show_description":"","_tribe_ticket_show_not_going":false,"_tribe_ticket_use_global_stock":"","_tribe_ticket_global_stock_level":"","_global_stock_mode":"","_global_stock_cap":"","_tribe_rsvp_for_event":"","_tribe_ticket_going_count":"","_tribe_ticket_not_going_count":"","_tribe_tickets_list":"[]","_tribe_ticket_has_attendee_info_fields":false,"footnotes":"","_tec_slr_enabled":"","_tec_slr_layout":""},"class_list":["post-85","page","type-page","status-publish","has-post-thumbnail","hentry"],"acf":[],"publishpress_future_action":{"enabled":false,"date":"2026-05-02 17:44:08","action":"change-status","newStatus":"draft","terms":[],"taxonomy":"","extraData":[]},"publishpress_future_workflow_manual_trigger":{"enabledWorkflows":[]},"ticketed":false,"_links":{"self":[{"href":"https:\/\/musikschule-muehldorf.de\/index.php?rest_route=\/wp\/v2\/pages\/85","targetHints":{"allow":["GET"]}}],"collection":[{"href":"https:\/\/musikschule-muehldorf.de\/index.php?rest_route=\/wp\/v2\/pages"}],"about":[{"href":"https:\/\/musikschule-muehldorf.de\/index.php?rest_route=\/wp\/v2\/types\/page"}],"author":[{"embeddable":true,"href":"https:\/\/musikschule-muehldorf.de\/index.php?rest_route=\/wp\/v2\/users\/11"}],"replies":[{"embeddable":true,"href":"https:\/\/musikschule-muehldorf.de\/index.php?rest_route=%2Fwp%2Fv2%2Fcomments&post=85"}],"version-history":[{"count":23,"href":"https:\/\/musikschule-muehldorf.de\/index.php?rest_route=\/wp\/v2\/pages\/85\/revisions"}],"predecessor-version":[{"id":1970,"href":"https:\/\/musikschule-muehldorf.de\/index.php?rest_route=\/wp\/v2\/pages\/85\/revisions\/1970"}],"wp:featuredmedia":[{"embeddable":true,"href":"https:\/\/musikschule-muehldorf.de\/index.php?rest_route=\/wp\/v2\/media\/1396"}],"wp:attachment":[{"href":"https:\/\/musikschule-muehldorf.de\/index.php?rest_route=%2Fwp%2Fv2%2Fmedia&parent=85"}],"curies":[{"name":"wp","href":"https:\/\/api.w.org\/{rel}","templated":true}]}}