{"id":83,"date":"2011-12-14T03:39:55","date_gmt":"2011-12-14T03:39:55","guid":{"rendered":"http:\/\/www.musikschule-muehldorf.de\/?page_id=83"},"modified":"2026-04-17T09:36:26","modified_gmt":"2026-04-17T07:36:26","slug":"lehrkrafte","status":"publish","type":"page","link":"https:\/\/musikschule-muehldorf.de\/?page_id=83","title":{"rendered":"Lehrkr\u00e4fte"},"content":{"rendered":"<p><strong>Fachbereich Elementare Musikp\u00e4dagogik (musikalische Fr\u00fcherziehung [MFE] &amp; musikalische Grundausbildung [MGA])<\/strong><br \/>\nB\u00e4rbel Haberstock, Sanja Rokic, Johannes Schmidt, Elisabeth \u00dcberacker<\/p>\n<p><strong>Fachbereich Holzbl\u00e4ser und Blockfl\u00f6te<\/strong><br \/>\nJohannes Schmidt (Blockfl\u00f6te, Saxophon), Ferenc Szelim Bene (Blockfl\u00f6te, Querfl\u00f6te), Janusz Myschur (Klarinette, Saxophon), Hugo Siegmeth (Saxophon, Klarinette, Querfl\u00f6te), Adelheid Grundner (Klarinette); Sabine Wagenbauer (Blockfl\u00f6te)<\/p>\n<p><strong>Fachbereich Blechbl\u00e4ser<\/strong><br \/>\nJosef Terre (Trompete, Tenorhorn, Posaune, Tuba)<\/p>\n<p><strong>Fachbereich Gesang<\/strong><br \/>\nArmin Stockerer (Gesang, Stimmbildung), Raphaela Gurtner (Gesang, Stimmbildung, Kinderchor)<\/p>\n<p><strong>Fachbereich Streich- und Zupfinstrumente<\/strong><br \/>\nAnja Bartos (Violine), Sanja Rokic (Violine, Viola), Elisabeth \u00dcberacker (Violine), Reimund Fandrey (Gitarre), Rita Fichter-Rollfinke (Zither, Hackbrett, Zupferklasse), Andreas Kurz (Kontrabass, Minibass), Monika Gaggia (Violoncello), B\u00e4rbel Haberstock (Violine, Viola), Ivanildo Kowsoleea (Gitarre), Uwe Markert (Gitarre, E-Gitarre), Rosalyn Sabo (Zither), Adelheid Grunder (Harfe)<\/p>\n<p><strong>Fachbereich Tasteninstrumente<\/strong><br \/>\nAnja Bartos (Klavier, Keyboard), Giorgio Hillebrand (Klavier), Janusz Myschur (Akkordeon), Susana Trcka (Klavier, Keyboard), Jeremias Fedorak (Klavier &#8211;&nbsp; nur in der Zweigstelle Neumarkt St. Veit), Rosalyn Sabo (Klavier), Facundo Hern\u00e1n Barreyra (Bandoneon)<\/p>\n<p><strong>Fachbereich Schlagwerk<\/strong><br \/>\nFacundo Hern\u00e1n Barreyra (St\u00e4dt. Musikschule M\u00fchldorf a. Inn), Jeremias Fedorak (nur in der Zweigstelle Neumarkt St. Veit)<\/p>\n<p><strong>Fachbereich Ballett<\/strong><br \/>\nElena Becker<\/p>\n<p><strong>Fachbereich Popularmusik<\/strong><br \/>\nUwe Markert (Gitarre, E-Bass), Hugo Siegmeth (Saxophon), Facundo Hern\u00e1n Barreyra (Schlagzeug), Janusz Myschur (Klarinette), Reimund Fandrey (Gitarre)<\/p>\n<p><strong>JEGOG (balinesisches Bambusgamelan)<\/strong><br \/>\nIvanildo Kowsoleea<\/p>\n<p><strong>Musiktheorie <\/strong><br \/>\nJanusz Myschur (Geh\u00f6rbildung, allgemeine Musiklehre, Vorbereitungslehrg\u00e4nge D1, D2,D3; F\u00f6rderklasse)<\/p>\n","protected":false},"excerpt":{"rendered":"<p>Fachbereich Elementare Musikp\u00e4dagogik (musikalische Fr\u00fcherziehung [MFE] &amp; musikalische Grundausbildung [MGA]) B\u00e4rbel Haberstock, Sanja Rokic, Johannes Schmidt, Elisabeth \u00dcberacker Fachbereich Holzbl\u00e4ser und Blockfl\u00f6te Johannes Schmidt (Blockfl\u00f6te, Saxophon), Ferenc Szelim Bene (Blockfl\u00f6te, Querfl\u00f6te), Janusz Myschur (Klarinette, Saxophon), Hugo Siegmeth (Saxophon, Klarinette, Querfl\u00f6te), Adelheid Grundner (Klarinette); Sabine Wagenbauer (Blockfl\u00f6te) Fachbereich Blechbl\u00e4ser Josef Terre (Trompete, Tenorhorn, Posaune, Tuba) Fachbereich Gesang Armin Stockerer (Gesang, Stimmbildung), Raphaela Gurtner (Gesang, Stimmbildung, Kinderchor) Fachbereich Streich- und Zupfinstrumente Anja Bartos (Violine), Sanja Rokic (Violine, Viola), Elisabeth \u00dcberacker (Violine), Reimund Fandrey (Gitarre), Rita Fichter-Rollfinke (Zither, Hackbrett, Zupferklasse), Andreas Kurz (Kontrabass, Minibass), Monika Gaggia (Violoncello), B\u00e4rbel Haberstock (Violine, Viola), Ivanildo Kowsoleea (Gitarre), Uwe Markert (Gitarre, E-Gitarre), Rosalyn Sabo (Zither), Adelheid Grunder (Harfe) Fachbereich Tasteninstrumente Anja Bartos (Klavier, Keyboard), Giorgio Hillebrand (Klavier), Janusz Myschur (Akkordeon), Susana Trcka (Klavier, Keyboard), Jeremias Fedorak (Klavier &#8211;&nbsp; nur in der Zweigstelle Neumarkt St. Veit), Rosalyn Sabo (Klavier), Facundo Hern\u00e1n Barreyra (Bandoneon) Fachbereich Schlagwerk Facundo Hern\u00e1n Barreyra (St\u00e4dt. Musikschule M\u00fchldorf a. Inn), Jeremias Fedorak (nur in der Zweigstelle Neumarkt St. Veit) Fachbereich Ballett Elena Becker Fachbereich Popularmusik Uwe Markert (Gitarre, E-Bass), Hugo Siegmeth (Saxophon), Facundo Hern\u00e1n Barreyra (Schlagzeug), Janusz Myschur (Klarinette), Reimund Fandrey (Gitarre) JEGOG (balinesisches Bambusgamelan) Ivanildo Kowsoleea Musiktheorie Janusz Myschur (Geh\u00f6rbildung, allgemeine Musiklehre, Vorbereitungslehrg\u00e4nge D1, D2,D3; F\u00f6rderklasse)<\/p>\n","protected":false},"author":11,"featured_media":1406,"parent":0,"menu_order":0,"comment_status":"closed","ping_status":"closed","template":"","meta":{"ngg_post_thumbnail":0,"_price":"","_stock":"","_tribe_ticket_header":"","_tribe_default_ticket_provider":"","_ticket_start_date":"","_ticket_end_date":"","_tribe_ticket_show_description":"","_tribe_ticket_show_not_going":false,"_tribe_ticket_use_global_stock":"","_tribe_ticket_global_stock_level":"","_global_stock_mode":"","_global_stock_cap":"","_tribe_rsvp_for_event":"","_tribe_ticket_going_count":"","_tribe_ticket_not_going_count":"","_tribe_tickets_list":"[]","_tribe_ticket_has_attendee_info_fields":false,"footnotes":"","_tec_slr_enabled":"","_tec_slr_layout":""},"class_list":["post-83","page","type-page","status-publish","has-post-thumbnail","hentry"],"acf":[],"publishpress_future_action":{"enabled":false,"date":"2026-05-06 14:00:17","action":"change-status","newStatus":"draft","terms":[],"taxonomy":"","extraData":[]},"publishpress_future_workflow_manual_trigger":{"enabledWorkflows":[]},"ticketed":false,"_links":{"self":[{"href":"https:\/\/musikschule-muehldorf.de\/index.php?rest_route=\/wp\/v2\/pages\/83","targetHints":{"allow":["GET"]}}],"collection":[{"href":"https:\/\/musikschule-muehldorf.de\/index.php?rest_route=\/wp\/v2\/pages"}],"about":[{"href":"https:\/\/musikschule-muehldorf.de\/index.php?rest_route=\/wp\/v2\/types\/page"}],"author":[{"embeddable":true,"href":"https:\/\/musikschule-muehldorf.de\/index.php?rest_route=\/wp\/v2\/users\/11"}],"replies":[{"embeddable":true,"href":"https:\/\/musikschule-muehldorf.de\/index.php?rest_route=%2Fwp%2Fv2%2Fcomments&post=83"}],"version-history":[{"count":53,"href":"https:\/\/musikschule-muehldorf.de\/index.php?rest_route=\/wp\/v2\/pages\/83\/revisions"}],"predecessor-version":[{"id":2201,"href":"https:\/\/musikschule-muehldorf.de\/index.php?rest_route=\/wp\/v2\/pages\/83\/revisions\/2201"}],"wp:featuredmedia":[{"embeddable":true,"href":"https:\/\/musikschule-muehldorf.de\/index.php?rest_route=\/wp\/v2\/media\/1406"}],"wp:attachment":[{"href":"https:\/\/musikschule-muehldorf.de\/index.php?rest_route=%2Fwp%2Fv2%2Fmedia&parent=83"}],"curies":[{"name":"wp","href":"https:\/\/api.w.org\/{rel}","templated":true}]}}