{"id":62,"date":"2011-12-12T22:36:02","date_gmt":"2011-12-12T22:36:02","guid":{"rendered":"http:\/\/www.musikschule-muehldorf.de\/?page_id=62"},"modified":"2021-08-28T22:29:52","modified_gmt":"2021-08-28T22:29:52","slug":"kontakt","status":"publish","type":"page","link":"https:\/\/musikschule-muehldorf.de\/?page_id=62","title":{"rendered":"Impressum"},"content":{"rendered":"<p><b>Angaben gem\u00e4\u00df \u00a7 18 Abs. 2 Medienstaatsvertrag<\/b><\/p>\n<p><strong><br \/>St\u00e4dt. Musikschule M\u00fchldorf a. Inn<\/strong><\/p>\n<p>Hans-Pr\u00e4hofer-Haus<br \/>Luitpoldallee 23<br \/>84453 M\u00fchldorf a. Inn<\/p>\n<p><em><br \/>Schulleitung<\/em><\/p>\n<p><strong>Vertreten durch:<\/strong> Thomas Breitsameter<br \/><strong>Email:<\/strong> t.breitsameter@musikschule-muehldorf.de<br \/><strong>Telefon:<\/strong> +498631 3637 01 und +498631 3637 02<\/p>\n<p><strong>Vertreten durch:<\/strong> Janusz Myschur<br \/><strong>Email:<\/strong> j.myschur@musikschule-muehldorf.de<br \/><strong>Telefon:<\/strong> +498631 3637 11 und +498631 3637 12<\/p>\n<p><em><br \/>Termine nach Anmeldung im Sekretariat:<\/em><\/p>\n<p><strong>Telefon:<\/strong> +498631 3637 10<br \/><strong>Fax:<\/strong> +498631 3637 13<\/p>\n","protected":false},"excerpt":{"rendered":"<p>Angaben gem\u00e4\u00df \u00a7 18 Abs. 2 Medienstaatsvertrag St\u00e4dt. Musikschule M\u00fchldorf a. Inn Hans-Pr\u00e4hofer-HausLuitpoldallee 2384453 M\u00fchldorf a. Inn Schulleitung Vertreten durch: Thomas BreitsameterEmail: t.breitsameter@musikschule-muehldorf.deTelefon: +498631 3637 01 und +498631 3637 02 Vertreten durch: Janusz MyschurEmail: j.myschur@musikschule-muehldorf.deTelefon: +498631 3637 11 und +498631 3637 12 Termine nach Anmeldung im Sekretariat: Telefon: +498631 3637 10Fax: +498631 3637 13<\/p>\n","protected":false},"author":11,"featured_media":0,"parent":0,"menu_order":50,"comment_status":"closed","ping_status":"closed","template":"","meta":{"ngg_post_thumbnail":0,"_price":"","_stock":"","_tribe_ticket_header":"","_tribe_default_ticket_provider":"","_ticket_start_date":"","_ticket_end_date":"","_tribe_ticket_show_description":"","_tribe_ticket_show_not_going":false,"_tribe_ticket_use_global_stock":"","_tribe_ticket_global_stock_level":"","_global_stock_mode":"","_global_stock_cap":"","_tribe_rsvp_for_event":"","_tribe_ticket_going_count":"","_tribe_ticket_not_going_count":"","_tribe_tickets_list":"[]","_tribe_ticket_has_attendee_info_fields":false,"footnotes":"","_tec_slr_enabled":"","_tec_slr_layout":""},"class_list":["post-62","page","type-page","status-publish","hentry"],"acf":[],"publishpress_future_action":{"enabled":false,"date":"2026-04-15 13:51:23","action":"change-status","newStatus":"draft","terms":[],"taxonomy":"","extraData":[]},"publishpress_future_workflow_manual_trigger":{"enabledWorkflows":[]},"ticketed":false,"_links":{"self":[{"href":"https:\/\/musikschule-muehldorf.de\/index.php?rest_route=\/wp\/v2\/pages\/62","targetHints":{"allow":["GET"]}}],"collection":[{"href":"https:\/\/musikschule-muehldorf.de\/index.php?rest_route=\/wp\/v2\/pages"}],"about":[{"href":"https:\/\/musikschule-muehldorf.de\/index.php?rest_route=\/wp\/v2\/types\/page"}],"author":[{"embeddable":true,"href":"https:\/\/musikschule-muehldorf.de\/index.php?rest_route=\/wp\/v2\/users\/11"}],"replies":[{"embeddable":true,"href":"https:\/\/musikschule-muehldorf.de\/index.php?rest_route=%2Fwp%2Fv2%2Fcomments&post=62"}],"version-history":[{"count":30,"href":"https:\/\/musikschule-muehldorf.de\/index.php?rest_route=\/wp\/v2\/pages\/62\/revisions"}],"predecessor-version":[{"id":1300,"href":"https:\/\/musikschule-muehldorf.de\/index.php?rest_route=\/wp\/v2\/pages\/62\/revisions\/1300"}],"wp:attachment":[{"href":"https:\/\/musikschule-muehldorf.de\/index.php?rest_route=%2Fwp%2Fv2%2Fmedia&parent=62"}],"curies":[{"name":"wp","href":"https:\/\/api.w.org\/{rel}","templated":true}]}}