{"id":381,"date":"2013-06-22T13:06:56","date_gmt":"2013-06-22T13:06:56","guid":{"rendered":"http:\/\/www.musikschule-muehldorf.de\/?page_id=381"},"modified":"2025-06-06T11:43:34","modified_gmt":"2025-06-06T09:43:34","slug":"anmeldemodus","status":"publish","type":"page","link":"https:\/\/musikschule-muehldorf.de\/?page_id=381","title":{"rendered":"Anmeldung"},"content":{"rendered":"<p>Das Musikschuljahr beginnt jeweils am 01.08. des jeweiligen Schuljahres und endet am 31.07. des Folgejahres.<\/p>\n<p><strong>Bereits bestehende Unterrichtsvertr\u00e4ge<\/strong> verl\u00e4ngern sich automatisch um jeweils ein weiteres Schuljahr in ihrem bestehenden Umfang, wenn sie nicht bis sp\u00e4testens 25. Juli 2025 gek\u00fcndigt wurden. Die Anmeldung zum Instrumental-, Vokal-, Ensemble- und Theorieunterricht wird durch den vollst\u00e4ndig ausgef\u00fcllten und unterschriebenen Anmeldebogen g\u00fcltig. (Einzugserm\u00e4chtigung und Unterschrift des vollj\u00e4hrigen Sch\u00fclers bzw. beider Erziehungsberechtigten.)<\/p>\n<p>Spezielle Lehrerw\u00fcnsche k\u00f6nnen unter <em>&#8222;besondere W\u00fcnsche und Anregungen&#8220;<\/em> angegeben werden und werden nach M\u00f6glichkeit ber\u00fccksichtigt;&nbsp; die endg\u00fcltige Einteilung erfolgt aber durch die Musikschulleitung, es besteht kein Anspruch, den Unterricht bei einem bestimmten Lehrer zu erhalten.<\/p>\n<p>Die Anmeldung erfolgt f\u00fcr ein komplettes Schuljahr; eine Beendigung des Unterrichtsvertrages ist w\u00e4hrend des Schuljahres nur in begr\u00fcndeten Ausnahmef\u00e4llen (Wegzug, Erkrankung) m\u00f6glich.<\/p>\n<p>Die aktuelle Geb\u00fchrensatzung sowie das Anmeldeformular k\u00f6nnen unter <a href=\"https:\/\/www.musikschule-muehldorf.de\/?page_id=251\"><strong>Anmeldung &amp; Geb\u00fchrensatzung<\/strong><\/a> als PDF heruntergeladen werden.<\/p>\n<p>Die Grundgeb\u00fchr wird f\u00fcr alle M\u00fchldorfer Musiksch\u00fcler (gemeldeter 1. Wohnsitz laut Melderegister in M\u00fchldorf a. Inn) von der Stadt M\u00fchldorf a. Inn und f\u00fcr alle Musiksch\u00fcler aus Neumarkt-Sankt Veit (gemeldeter 1. Wohnsitz laut Melderegister in Neumarkt-Sankt Veit) von der Stadt Neumarkt-Sankt Veit als zus\u00e4tzliche F\u00f6rderung \u00fcbernommen.<\/p>\n<p>Die vollst\u00e4ndig ausgef\u00fcllte und unterschriebene Anmeldung kann pers\u00f6nlich abgegeben oder per Post eingesandt werden.<\/p>\n<p><em>Unsere Anschrift:<\/em><\/p>\n<p><strong>St\u00e4dtische Musikschule M\u00fchldorf a. Inn<\/strong><\/p>\n<p><strong> Luitpoldallee 23<\/strong><\/p>\n<p><strong>84453 M\u00fchldorf a. Inn<\/strong><\/p>\n<p>Die festgesetzte Jahresgeb\u00fchr wird ab dem Zeitpunkt der Erstellung der Geb\u00fchrenbescheide in Monatsraten per Bankeinzug erhoben. In den Monaten August und September findet kein Geb\u00fchreneinzug statt.<\/p>\n","protected":false},"excerpt":{"rendered":"<p>Das Musikschuljahr beginnt jeweils am 01.08. des jeweiligen Schuljahres und endet am 31.07. des Folgejahres. Bereits bestehende Unterrichtsvertr\u00e4ge verl\u00e4ngern sich automatisch um jeweils ein weiteres Schuljahr in ihrem bestehenden Umfang, wenn sie nicht bis sp\u00e4testens 25. Juli 2025 gek\u00fcndigt wurden. Die Anmeldung zum Instrumental-, Vokal-, Ensemble- und Theorieunterricht wird durch den vollst\u00e4ndig ausgef\u00fcllten und unterschriebenen Anmeldebogen g\u00fcltig. (Einzugserm\u00e4chtigung und Unterschrift des vollj\u00e4hrigen Sch\u00fclers bzw. beider Erziehungsberechtigten.) Spezielle Lehrerw\u00fcnsche k\u00f6nnen unter &#8222;besondere W\u00fcnsche und Anregungen&#8220; angegeben werden und werden nach M\u00f6glichkeit ber\u00fccksichtigt;&nbsp; die endg\u00fcltige Einteilung erfolgt aber durch die Musikschulleitung, es besteht kein Anspruch, den Unterricht bei einem bestimmten Lehrer zu erhalten. Die Anmeldung erfolgt f\u00fcr ein komplettes Schuljahr; eine Beendigung des Unterrichtsvertrages ist w\u00e4hrend des Schuljahres nur in begr\u00fcndeten Ausnahmef\u00e4llen (Wegzug, Erkrankung) m\u00f6glich. Die aktuelle Geb\u00fchrensatzung sowie das Anmeldeformular k\u00f6nnen unter Anmeldung &amp; Geb\u00fchrensatzung als PDF heruntergeladen werden. Die Grundgeb\u00fchr wird f\u00fcr alle M\u00fchldorfer Musiksch\u00fcler (gemeldeter 1. Wohnsitz laut Melderegister in M\u00fchldorf a. Inn) von der Stadt M\u00fchldorf a. Inn und f\u00fcr alle Musiksch\u00fcler aus Neumarkt-Sankt Veit (gemeldeter 1. Wohnsitz laut Melderegister in Neumarkt-Sankt Veit) von der Stadt Neumarkt-Sankt Veit als zus\u00e4tzliche F\u00f6rderung \u00fcbernommen. Die vollst\u00e4ndig ausgef\u00fcllte und unterschriebene Anmeldung kann pers\u00f6nlich abgegeben oder per Post eingesandt werden. Unsere Anschrift: St\u00e4dtische Musikschule M\u00fchldorf a. Inn Luitpoldallee 23 84453 M\u00fchldorf a. Inn Die festgesetzte Jahresgeb\u00fchr wird ab dem Zeitpunkt der Erstellung der Geb\u00fchrenbescheide in Monatsraten per Bankeinzug erhoben. In den Monaten August und September findet kein Geb\u00fchreneinzug statt.<\/p>\n","protected":false},"author":11,"featured_media":1338,"parent":0,"menu_order":0,"comment_status":"closed","ping_status":"closed","template":"","meta":{"ngg_post_thumbnail":0,"_price":"","_stock":"","_tribe_ticket_header":"","_tribe_default_ticket_provider":"","_ticket_start_date":"","_ticket_end_date":"","_tribe_ticket_show_description":"","_tribe_ticket_show_not_going":false,"_tribe_ticket_use_global_stock":"","_tribe_ticket_global_stock_level":"","_global_stock_mode":"","_global_stock_cap":"","_tribe_rsvp_for_event":"","_tribe_ticket_going_count":"","_tribe_ticket_not_going_count":"","_tribe_tickets_list":"[]","_tribe_ticket_has_attendee_info_fields":false,"footnotes":"","_tec_slr_enabled":"","_tec_slr_layout":""},"class_list":["post-381","page","type-page","status-publish","has-post-thumbnail","hentry"],"acf":[],"publishpress_future_action":{"enabled":false,"date":"2026-05-09 11:01:49","action":"change-status","newStatus":"draft","terms":[],"taxonomy":"","extraData":[]},"publishpress_future_workflow_manual_trigger":{"enabledWorkflows":[]},"ticketed":false,"_links":{"self":[{"href":"https:\/\/musikschule-muehldorf.de\/index.php?rest_route=\/wp\/v2\/pages\/381","targetHints":{"allow":["GET"]}}],"collection":[{"href":"https:\/\/musikschule-muehldorf.de\/index.php?rest_route=\/wp\/v2\/pages"}],"about":[{"href":"https:\/\/musikschule-muehldorf.de\/index.php?rest_route=\/wp\/v2\/types\/page"}],"author":[{"embeddable":true,"href":"https:\/\/musikschule-muehldorf.de\/index.php?rest_route=\/wp\/v2\/users\/11"}],"replies":[{"embeddable":true,"href":"https:\/\/musikschule-muehldorf.de\/index.php?rest_route=%2Fwp%2Fv2%2Fcomments&post=381"}],"version-history":[{"count":56,"href":"https:\/\/musikschule-muehldorf.de\/index.php?rest_route=\/wp\/v2\/pages\/381\/revisions"}],"predecessor-version":[{"id":2025,"href":"https:\/\/musikschule-muehldorf.de\/index.php?rest_route=\/wp\/v2\/pages\/381\/revisions\/2025"}],"wp:featuredmedia":[{"embeddable":true,"href":"https:\/\/musikschule-muehldorf.de\/index.php?rest_route=\/wp\/v2\/media\/1338"}],"wp:attachment":[{"href":"https:\/\/musikschule-muehldorf.de\/index.php?rest_route=%2Fwp%2Fv2%2Fmedia&parent=381"}],"curies":[{"name":"wp","href":"https:\/\/api.w.org\/{rel}","templated":true}]}}