{"id":251,"date":"2013-06-10T16:01:26","date_gmt":"2013-06-10T16:01:26","guid":{"rendered":"http:\/\/www.musikschule-muehldorf.de\/?page_id=251"},"modified":"2025-07-18T12:34:37","modified_gmt":"2025-07-18T10:34:37","slug":"downloads","status":"publish","type":"page","link":"https:\/\/musikschule-muehldorf.de\/?page_id=251","title":{"rendered":"Anmeldung &#038; Geb\u00fchrensatzung"},"content":{"rendered":"<h4>Unsere Formulare als PDF-Downloads:<\/h4>\n<p><span style=\"color: #0000ff;\"><a style=\"color: #0000ff;\" href=\"https:\/\/musikschule-muehldorf.de\/wp-content\/uploads\/2025\/06\/MS-AnmeldungInfo-Mue-2025_26-komplett.pdf\">Anmeldeformular &amp; Info Musikschule M\u00fchldorf 2025_26<\/a><\/span><\/p>\n<p><span style=\"color: #0000ff;\"><a style=\"color: #0000ff;\" href=\"https:\/\/musikschule-muehldorf.de\/wp-content\/uploads\/2024\/05\/MS-Anmeldung-Mue-2024_25-Zupferklasse.pdf\" target=\"_blank\" rel=\"noopener\">Anmeldeformular Musikschule M\u00fchldorf 2025_26&nbsp; Zupferklasse<\/a><\/span><\/p>\n<p><span style=\"color: #0000ff;\"><a style=\"color: #0000ff;\" href=\"https:\/\/musikschule-muehldorf.de\/wp-content\/uploads\/2024\/05\/MS-Anmeldung-Mue-2024_25-Blaeserklasse.pdf\" target=\"_blank\" rel=\"noopener\">Anmeldeformular Musikschule M\u00fchldorf 2025_26_ Bl\u00e4serklasse<\/a><\/span><\/p>\n<p><span style=\"color: #0000ff;\"><a style=\"color: #0000ff;\" href=\"https:\/\/musikschule-muehldorf.de\/wp-content\/uploads\/2025\/07\/Anmeldeformular-Neumarkt-2025_26-neu.pdf\">Anmeldeformular Neumarkt 2025_26 neu<\/a><\/span><\/p>\n","protected":false},"excerpt":{"rendered":"<p>Unsere Formulare als PDF-Downloads: Anmeldeformular &amp; Info Musikschule M\u00fchldorf 2025_26 Anmeldeformular Musikschule M\u00fchldorf 2025_26&nbsp; Zupferklasse Anmeldeformular Musikschule M\u00fchldorf 2025_26_ Bl\u00e4serklasse Anmeldeformular Neumarkt 2025_26 neu<\/p>\n","protected":false},"author":11,"featured_media":1377,"parent":0,"menu_order":0,"comment_status":"closed","ping_status":"closed","template":"","meta":{"ngg_post_thumbnail":0,"_price":"","_stock":"","_tribe_ticket_header":"","_tribe_default_ticket_provider":"","_ticket_start_date":"","_ticket_end_date":"","_tribe_ticket_show_description":"","_tribe_ticket_show_not_going":false,"_tribe_ticket_use_global_stock":"","_tribe_ticket_global_stock_level":"","_global_stock_mode":"","_global_stock_cap":"","_tribe_rsvp_for_event":"","_tribe_ticket_going_count":"","_tribe_ticket_not_going_count":"","_tribe_tickets_list":"[]","_tribe_ticket_has_attendee_info_fields":false,"footnotes":"","_tec_slr_enabled":"","_tec_slr_layout":""},"class_list":["post-251","page","type-page","status-publish","has-post-thumbnail","hentry"],"acf":[],"publishpress_future_action":{"enabled":false,"date":"2026-05-10 14:00:42","action":"change-status","newStatus":"draft","terms":[],"taxonomy":"","extraData":[]},"publishpress_future_workflow_manual_trigger":{"enabledWorkflows":[]},"ticketed":false,"_links":{"self":[{"href":"https:\/\/musikschule-muehldorf.de\/index.php?rest_route=\/wp\/v2\/pages\/251","targetHints":{"allow":["GET"]}}],"collection":[{"href":"https:\/\/musikschule-muehldorf.de\/index.php?rest_route=\/wp\/v2\/pages"}],"about":[{"href":"https:\/\/musikschule-muehldorf.de\/index.php?rest_route=\/wp\/v2\/types\/page"}],"author":[{"embeddable":true,"href":"https:\/\/musikschule-muehldorf.de\/index.php?rest_route=\/wp\/v2\/users\/11"}],"replies":[{"embeddable":true,"href":"https:\/\/musikschule-muehldorf.de\/index.php?rest_route=%2Fwp%2Fv2%2Fcomments&post=251"}],"version-history":[{"count":88,"href":"https:\/\/musikschule-muehldorf.de\/index.php?rest_route=\/wp\/v2\/pages\/251\/revisions"}],"predecessor-version":[{"id":2128,"href":"https:\/\/musikschule-muehldorf.de\/index.php?rest_route=\/wp\/v2\/pages\/251\/revisions\/2128"}],"wp:featuredmedia":[{"embeddable":true,"href":"https:\/\/musikschule-muehldorf.de\/index.php?rest_route=\/wp\/v2\/media\/1377"}],"wp:attachment":[{"href":"https:\/\/musikschule-muehldorf.de\/index.php?rest_route=%2Fwp%2Fv2%2Fmedia&parent=251"}],"curies":[{"name":"wp","href":"https:\/\/api.w.org\/{rel}","templated":true}]}}