{"id":207,"date":"2013-06-08T20:44:18","date_gmt":"2013-06-08T20:44:18","guid":{"rendered":"http:\/\/www.musikschule-muehldorf.de\/?page_id=207"},"modified":"2024-03-27T13:27:30","modified_gmt":"2024-03-27T12:27:30","slug":"youtube","status":"publish","type":"page","link":"https:\/\/musikschule-muehldorf.de\/?page_id=207","title":{"rendered":"YouTUBE"},"content":{"rendered":"<h2>Minibass-Konzert<\/h2>\n<p>Mitschnitt des ersten Minibass-Konzerts der Sch\u00fclerklasse von Claus Freudenstein in der St\u00e4dtischen Musikschule M\u00fchldorf am 22. Mai 2007.<\/p>\n<p><iframe loading=\"lazy\" title=\"Minibass-Konzert\" width=\"960\" height=\"720\" src=\"https:\/\/www.youtube.com\/embed\/Eizm7Yoy-UE?feature=oembed\" frameborder=\"0\" allow=\"accelerometer; autoplay; clipboard-write; encrypted-media; gyroscope; picture-in-picture; web-share\" referrerpolicy=\"strict-origin-when-cross-origin\" allowfullscreen><\/iframe><br \/>\n<iframe loading=\"lazy\" title=\"Tobias Winhart - So a sch\u00f6ner Tag ( Der Flieger )\" width=\"960\" height=\"720\" src=\"https:\/\/www.youtube.com\/embed\/_35hiXdWe7g?feature=oembed\" frameborder=\"0\" allow=\"accelerometer; autoplay; clipboard-write; encrypted-media; gyroscope; picture-in-picture; web-share\" referrerpolicy=\"strict-origin-when-cross-origin\" allowfullscreen><\/iframe>\t\t<\/p>\n<h2>Gospelchor M\u00fchldorf a.Inn<\/h2>\n<p>Chorleiter Armin Stockerer im Interview; Ausz\u00fcge aus der Probenarbeit.<\/p>\n<p><iframe loading=\"lazy\" title=\"Bei der Probe vom Gospelchor in M\u00fchldorf\" width=\"960\" height=\"540\" src=\"https:\/\/www.youtube.com\/embed\/ZGhQYIcb4Ng?feature=oembed\" frameborder=\"0\" allow=\"accelerometer; autoplay; clipboard-write; encrypted-media; gyroscope; picture-in-picture; web-share\" referrerpolicy=\"strict-origin-when-cross-origin\" allowfullscreen><\/iframe><\/p>\n","protected":false},"excerpt":{"rendered":"<p>Minibass-Konzert Mitschnitt des ersten Minibass-Konzerts der Sch\u00fclerklasse von Claus Freudenstein in der St\u00e4dtischen Musikschule M\u00fchldorf am 22. Mai 2007. Gospelchor M\u00fchldorf a.Inn Chorleiter Armin Stockerer im Interview; Ausz\u00fcge aus der Probenarbeit.<\/p>\n","protected":false},"author":11,"featured_media":0,"parent":0,"menu_order":0,"comment_status":"closed","ping_status":"closed","template":"","meta":{"ngg_post_thumbnail":0,"_price":"","_stock":"","_tribe_ticket_header":"","_tribe_default_ticket_provider":"","_ticket_start_date":"","_ticket_end_date":"","_tribe_ticket_show_description":"","_tribe_ticket_show_not_going":false,"_tribe_ticket_use_global_stock":"","_tribe_ticket_global_stock_level":"","_global_stock_mode":"","_global_stock_cap":"","_tribe_rsvp_for_event":"","_tribe_ticket_going_count":"","_tribe_ticket_not_going_count":"","_tribe_tickets_list":"[]","_tribe_ticket_has_attendee_info_fields":false,"footnotes":"","_tec_slr_enabled":"","_tec_slr_layout":""},"class_list":["post-207","page","type-page","status-publish","hentry"],"acf":[],"publishpress_future_action":{"enabled":false,"date":"2026-05-20 11:34:35","action":"change-status","newStatus":"draft","terms":[],"taxonomy":"","extraData":[]},"publishpress_future_workflow_manual_trigger":{"enabledWorkflows":[]},"ticketed":false,"_links":{"self":[{"href":"https:\/\/musikschule-muehldorf.de\/index.php?rest_route=\/wp\/v2\/pages\/207","targetHints":{"allow":["GET"]}}],"collection":[{"href":"https:\/\/musikschule-muehldorf.de\/index.php?rest_route=\/wp\/v2\/pages"}],"about":[{"href":"https:\/\/musikschule-muehldorf.de\/index.php?rest_route=\/wp\/v2\/types\/page"}],"author":[{"embeddable":true,"href":"https:\/\/musikschule-muehldorf.de\/index.php?rest_route=\/wp\/v2\/users\/11"}],"replies":[{"embeddable":true,"href":"https:\/\/musikschule-muehldorf.de\/index.php?rest_route=%2Fwp%2Fv2%2Fcomments&post=207"}],"version-history":[{"count":21,"href":"https:\/\/musikschule-muehldorf.de\/index.php?rest_route=\/wp\/v2\/pages\/207\/revisions"}],"predecessor-version":[{"id":2004,"href":"https:\/\/musikschule-muehldorf.de\/index.php?rest_route=\/wp\/v2\/pages\/207\/revisions\/2004"}],"wp:attachment":[{"href":"https:\/\/musikschule-muehldorf.de\/index.php?rest_route=%2Fwp%2Fv2%2Fmedia&parent=207"}],"curies":[{"name":"wp","href":"https:\/\/api.w.org\/{rel}","templated":true}]}}